{"id":1393,"date":"2025-04-28T22:11:39","date_gmt":"2025-04-28T20:11:39","guid":{"rendered":"https:\/\/vasilidesign.com\/?page_id=1393"},"modified":"2026-01-16T23:28:32","modified_gmt":"2026-01-16T22:28:32","slug":"projekt-stromschalten-de","status":"publish","type":"page","link":"https:\/\/vasilidesign.com\/en\/projekt-stromschalten-de\/","title":{"rendered":"Projekt stromschalten.de"},"content":{"rendered":"\t\t<div data-elementor-type=\"wp-page\" data-elementor-id=\"1393\" class=\"elementor elementor-1393\" data-elementor-post-type=\"page\">\n\t\t\t\t<div class=\"elementor-element elementor-element-ccb92ba e-con-full e-flex e-con e-parent\" data-id=\"ccb92ba\" data-element_type=\"container\" data-e-type=\"container\" data-settings=\"{&quot;background_background&quot;:&quot;classic&quot;,&quot;background_motion_fx_motion_fx_scrolling&quot;:&quot;yes&quot;,&quot;background_motion_fx_scale_effect&quot;:&quot;yes&quot;,&quot;background_motion_fx_scale_direction&quot;:&quot;in-out&quot;,&quot;background_motion_fx_scale_speed&quot;:{&quot;unit&quot;:&quot;px&quot;,&quot;size&quot;:2,&quot;sizes&quot;:[]},&quot;background_motion_fx_scale_range&quot;:{&quot;unit&quot;:&quot;%&quot;,&quot;size&quot;:&quot;&quot;,&quot;sizes&quot;:{&quot;start&quot;:0,&quot;end&quot;:43}},&quot;sticky&quot;:&quot;top&quot;,&quot;background_motion_fx_devices&quot;:[&quot;desktop&quot;,&quot;laptop&quot;,&quot;tablet&quot;,&quot;mobile&quot;],&quot;sticky_on&quot;:[&quot;desktop&quot;,&quot;laptop&quot;,&quot;tablet&quot;,&quot;mobile&quot;],&quot;sticky_offset&quot;:0,&quot;sticky_effects_offset&quot;:0,&quot;sticky_anchor_link_offset&quot;:0}\">\n\t\t<div class=\"elementor-element elementor-element-07b9d4d e-con-full e-flex e-con e-child\" data-id=\"07b9d4d\" data-element_type=\"container\" data-e-type=\"container\">\n\t\t\t\t<\/div>\n\t\t\t\t<\/div>\n\t\t<div class=\"elementor-element elementor-element-cc3959c e-con-full e-flex e-con e-parent\" data-id=\"cc3959c\" data-element_type=\"container\" data-e-type=\"container\" data-settings=\"{&quot;background_background&quot;:&quot;classic&quot;}\">\n\t\t<div class=\"elementor-element elementor-element-8ead9c7 e-con-full e-flex e-con e-child\" data-id=\"8ead9c7\" data-element_type=\"container\" data-e-type=\"container\" data-settings=\"{&quot;background_background&quot;:&quot;classic&quot;}\">\n\t\t<div class=\"elementor-element elementor-element-ecafbda e-con-full e-flex e-con e-child\" data-id=\"ecafbda\" data-element_type=\"container\" data-e-type=\"container\">\n\t\t\t\t<div class=\"elementor-element elementor-element-7fc6f07 elementor-widget__width-initial elementor-widget elementor-widget-text-editor\" data-id=\"7fc6f07\" data-element_type=\"widget\" data-e-type=\"widget\" data-widget_type=\"text-editor.default\">\n\t\t\t\t<div class=\"elementor-widget-container\">\n\t\t\t\t\t\t\t\t\t<p>Beschreibung<\/p>\t\t\t\t\t\t\t\t<\/div>\n\t\t\t\t<\/div>\n\t\t\t\t<div class=\"elementor-element elementor-element-ddd40c5 elementor-widget__width-initial elementor-widget-tablet__width-inherit elementor-widget-mobile__width-inherit elementor-widget elementor-widget-text-editor\" data-id=\"ddd40c5\" data-element_type=\"widget\" data-e-type=\"widget\" data-widget_type=\"text-editor.default\">\n\t\t\t\t<div class=\"elementor-widget-container\">\n\t\t\t\t\t\t\t\t\t<p>Das stromschalten.de\u2013Portal f\u00fcr Makler, das die Erfassung von Auftr\u00e4gen und Tarifberechnungen f\u00fcr Strom-, Gas- und Glasfaservertr\u00e4ge erm\u00f6glicht, wurde komplett redesigned. Fokus lag auf einer modernen, benutzerfreundlichen Oberfl\u00e4che, die eine einfache und schnelle Nutzung direkt vor Ort beim Kunden erm\u00f6glicht.<\/p>\t\t\t\t\t\t\t\t<\/div>\n\t\t\t\t<\/div>\n\t\t<div class=\"elementor-element elementor-element-7bafa7b e-con-full e-flex e-con e-child\" data-id=\"7bafa7b\" data-element_type=\"container\" data-e-type=\"container\">\n\t\t\t\t<div class=\"elementor-element elementor-element-6cee114 elementor-align-center elementor-widget elementor-widget-button\" data-id=\"6cee114\" data-element_type=\"widget\" data-e-type=\"widget\" data-widget_type=\"button.default\">\n\t\t\t\t<div class=\"elementor-widget-container\">\n\t\t\t\t\t\t\t\t\t<div class=\"elementor-button-wrapper\">\n\t\t\t\t\t<a class=\"elementor-button elementor-size-sm\" role=\"button\">\n\t\t\t\t\t\t<span class=\"elementor-button-content-wrapper\">\n\t\t\t\t\t\t\t\t\t<span class=\"elementor-button-text\">UI\/UX Design<\/span>\n\t\t\t\t\t<\/span>\n\t\t\t\t\t<\/a>\n\t\t\t\t<\/div>\n\t\t\t\t\t\t\t\t<\/div>\n\t\t\t\t<\/div>\n\t\t\t\t<div class=\"elementor-element elementor-element-98703c8 elementor-align-center elementor-widget elementor-widget-button\" data-id=\"98703c8\" data-element_type=\"widget\" data-e-type=\"widget\" data-widget_type=\"button.default\">\n\t\t\t\t<div class=\"elementor-widget-container\">\n\t\t\t\t\t\t\t\t\t<div class=\"elementor-button-wrapper\">\n\t\t\t\t\t<a class=\"elementor-button elementor-size-sm\" role=\"button\">\n\t\t\t\t\t\t<span class=\"elementor-button-content-wrapper\">\n\t\t\t\t\t\t\t\t\t<span class=\"elementor-button-text\">Konzeption<\/span>\n\t\t\t\t\t<\/span>\n\t\t\t\t\t<\/a>\n\t\t\t\t<\/div>\n\t\t\t\t\t\t\t\t<\/div>\n\t\t\t\t<\/div>\n\t\t\t\t<\/div>\n\t\t\t\t<\/div>\n\t\t<div class=\"elementor-element elementor-element-c2143f4 e-con-full e-flex e-con e-child\" data-id=\"c2143f4\" data-element_type=\"container\" data-e-type=\"container\">\n\t\t\t\t<div class=\"elementor-element elementor-element-92dc0b5 elementor-widget__width-inherit elementor-widget elementor-widget-text-editor\" data-id=\"92dc0b5\" data-element_type=\"widget\" data-e-type=\"widget\" data-widget_type=\"text-editor.default\">\n\t\t\t\t<div class=\"elementor-widget-container\">\n\t\t\t\t\t\t\t\t\t<p>Kunde<\/p>\t\t\t\t\t\t\t\t<\/div>\n\t\t\t\t<\/div>\n\t\t\t\t<div class=\"elementor-element elementor-element-77614b7 elementor-widget elementor-widget-heading\" data-id=\"77614b7\" data-element_type=\"widget\" data-e-type=\"widget\" data-widget_type=\"heading.default\">\n\t\t\t\t<div class=\"elementor-widget-container\">\n\t\t\t\t\t<h1 class=\"elementor-heading-title elementor-size-default\">stromschalten.de<\/h1>\t\t\t\t<\/div>\n\t\t\t\t<\/div>\n\t\t\t\t<\/div>\n\t\t\t\t<\/div>\n\t\t<div class=\"elementor-element elementor-element-6ca8eb3 e-con-full e-flex e-con e-child\" data-id=\"6ca8eb3\" data-element_type=\"container\" data-e-type=\"container\">\n\t\t\t\t<div class=\"elementor-element elementor-element-fbc3f5f elementor-widget elementor-widget-image\" data-id=\"fbc3f5f\" data-element_type=\"widget\" data-e-type=\"widget\" data-widget_type=\"image.default\">\n\t\t\t\t<div class=\"elementor-widget-container\">\n\t\t\t\t\t\t\t\t\t\t\t\t\t\t\t<img fetchpriority=\"high\" decoding=\"async\" width=\"2048\" height=\"894\" src=\"https:\/\/vasilidesign.com\/wp-content\/uploads\/2025\/04\/65c0b2d27e3fcbb785c5d7c2_projekt-gevekom_devices-Kopie-2048x894.jpg\" class=\"attachment-2048x2048 size-2048x2048 wp-image-1500\" alt=\"Desktopansicht und Smartphoneansicht des stromschalten Portals\" srcset=\"https:\/\/vasilidesign.com\/wp-content\/uploads\/2025\/04\/65c0b2d27e3fcbb785c5d7c2_projekt-gevekom_devices-Kopie-2048x894.jpg 2048w, https:\/\/vasilidesign.com\/wp-content\/uploads\/2025\/04\/65c0b2d27e3fcbb785c5d7c2_projekt-gevekom_devices-Kopie-300x131.jpg 300w, https:\/\/vasilidesign.com\/wp-content\/uploads\/2025\/04\/65c0b2d27e3fcbb785c5d7c2_projekt-gevekom_devices-Kopie-1024x447.jpg 1024w, https:\/\/vasilidesign.com\/wp-content\/uploads\/2025\/04\/65c0b2d27e3fcbb785c5d7c2_projekt-gevekom_devices-Kopie-768x335.jpg 768w, https:\/\/vasilidesign.com\/wp-content\/uploads\/2025\/04\/65c0b2d27e3fcbb785c5d7c2_projekt-gevekom_devices-Kopie-1536x670.jpg 1536w\" sizes=\"(max-width: 2048px) 100vw, 2048px\" \/>\t\t\t\t\t\t\t\t\t\t\t\t\t\t\t<\/div>\n\t\t\t\t<\/div>\n\t\t\t\t<\/div>\n\t\t<div class=\"elementor-element elementor-element-8ff8f67 e-con-full e-flex e-con e-child\" data-id=\"8ff8f67\" data-element_type=\"container\" data-e-type=\"container\">\n\t\t\t\t<div class=\"elementor-element elementor-element-16e9554 elementor-widget elementor-widget-video\" data-id=\"16e9554\" data-element_type=\"widget\" data-e-type=\"widget\" data-settings=\"{&quot;video_type&quot;:&quot;hosted&quot;,&quot;start&quot;:1,&quot;autoplay&quot;:&quot;yes&quot;,&quot;play_on_mobile&quot;:&quot;yes&quot;,&quot;mute&quot;:&quot;yes&quot;,&quot;loop&quot;:&quot;yes&quot;}\" data-widget_type=\"video.default\">\n\t\t\t\t<div class=\"elementor-widget-container\">\n\t\t\t\t\t\t\t<div class=\"e-hosted-video elementor-wrapper elementor-open-inline\">\n\t\t\t\t\t<video class=\"elementor-video\" src=\"https:\/\/vasilidesign.com\/wp-content\/uploads\/2025\/04\/screenvideo.mp4#t=1\" autoplay=\"\" loop=\"\" muted=\"muted\" playsinline=\"\" controlsList=\"nodownload\"><\/video>\n\t\t\t\t<\/div>\n\t\t\t\t\t\t<\/div>\n\t\t\t\t<\/div>\n\t\t\t\t<\/div>\n\t\t<div class=\"elementor-element elementor-element-ffbdbe1 e-con-full e-flex e-con e-child\" data-id=\"ffbdbe1\" data-element_type=\"container\" data-e-type=\"container\">\n\t\t<div class=\"elementor-element elementor-element-6321446 e-grid e-con-full e-con e-child\" data-id=\"6321446\" data-element_type=\"container\" data-e-type=\"container\">\n\t\t<div class=\"elementor-element elementor-element-59a8d7a e-con-full e-flex e-con e-child\" data-id=\"59a8d7a\" data-element_type=\"container\" data-e-type=\"container\" data-settings=\"{&quot;background_background&quot;:&quot;classic&quot;,&quot;background_motion_fx_motion_fx_scrolling&quot;:&quot;yes&quot;,&quot;background_motion_fx_translateY_effect&quot;:&quot;yes&quot;,&quot;background_motion_fx_translateY_speed&quot;:{&quot;unit&quot;:&quot;px&quot;,&quot;size&quot;:1,&quot;sizes&quot;:[]},&quot;background_motion_fx_translateY_affectedRange&quot;:{&quot;unit&quot;:&quot;%&quot;,&quot;size&quot;:&quot;&quot;,&quot;sizes&quot;:{&quot;start&quot;:0,&quot;end&quot;:100}},&quot;background_motion_fx_devices&quot;:[&quot;desktop&quot;,&quot;laptop&quot;,&quot;tablet&quot;,&quot;mobile&quot;]}\">\n\t\t\t\t<\/div>\n\t\t<div class=\"elementor-element elementor-element-0a70b57 e-con-full e-flex e-con e-child\" data-id=\"0a70b57\" data-element_type=\"container\" data-e-type=\"container\" data-settings=\"{&quot;background_background&quot;:&quot;classic&quot;,&quot;background_motion_fx_motion_fx_scrolling&quot;:&quot;yes&quot;,&quot;background_motion_fx_translateY_effect&quot;:&quot;yes&quot;,&quot;background_motion_fx_translateY_speed&quot;:{&quot;unit&quot;:&quot;px&quot;,&quot;size&quot;:1,&quot;sizes&quot;:[]},&quot;background_motion_fx_translateY_affectedRange&quot;:{&quot;unit&quot;:&quot;%&quot;,&quot;size&quot;:&quot;&quot;,&quot;sizes&quot;:{&quot;start&quot;:0,&quot;end&quot;:100}},&quot;background_motion_fx_devices&quot;:[&quot;desktop&quot;,&quot;laptop&quot;,&quot;tablet&quot;,&quot;mobile&quot;]}\">\n\t\t\t\t<\/div>\n\t\t\t\t<\/div>\n\t\t\t\t<\/div>\n\t\t<div class=\"elementor-element elementor-element-de43848 e-con-full e-flex e-con e-child\" data-id=\"de43848\" data-element_type=\"container\" data-e-type=\"container\">\n\t\t<div class=\"elementor-element elementor-element-1a7635b e-grid e-con-full e-con e-child\" data-id=\"1a7635b\" data-element_type=\"container\" data-e-type=\"container\">\n\t\t<div class=\"elementor-element elementor-element-106d1da e-con-full e-flex e-con e-child\" data-id=\"106d1da\" data-element_type=\"container\" data-e-type=\"container\" data-settings=\"{&quot;background_background&quot;:&quot;classic&quot;}\">\n\t\t\t\t<\/div>\n\t\t<div class=\"elementor-element elementor-element-bfa2296 e-con-full e-flex e-con e-child\" data-id=\"bfa2296\" data-element_type=\"container\" data-e-type=\"container\" data-settings=\"{&quot;background_background&quot;:&quot;classic&quot;,&quot;background_motion_fx_motion_fx_scrolling&quot;:&quot;yes&quot;,&quot;background_motion_fx_translateY_effect&quot;:&quot;yes&quot;,&quot;background_motion_fx_translateY_speed&quot;:{&quot;unit&quot;:&quot;px&quot;,&quot;size&quot;:1,&quot;sizes&quot;:[]},&quot;background_motion_fx_translateY_affectedRange&quot;:{&quot;unit&quot;:&quot;%&quot;,&quot;size&quot;:&quot;&quot;,&quot;sizes&quot;:{&quot;start&quot;:0,&quot;end&quot;:100}},&quot;background_motion_fx_devices&quot;:[&quot;desktop&quot;,&quot;laptop&quot;,&quot;tablet&quot;,&quot;mobile&quot;]}\">\n\t\t\t\t<\/div>\n\t\t\t\t<\/div>\n\t\t\t\t<\/div>\n\t\t<div class=\"elementor-element elementor-element-1978b8e e-con-full e-flex e-con e-child\" data-id=\"1978b8e\" data-element_type=\"container\" data-e-type=\"container\">\n\t\t\t\t<div class=\"elementor-element elementor-element-b2e4d08 elementor-widget elementor-widget-image\" data-id=\"b2e4d08\" data-element_type=\"widget\" data-e-type=\"widget\" data-widget_type=\"image.default\">\n\t\t\t\t<div class=\"elementor-widget-container\">\n\t\t\t\t\t\t\t\t\t\t\t\t\t\t\t<img decoding=\"async\" width=\"2048\" height=\"1152\" src=\"https:\/\/vasilidesign.com\/wp-content\/uploads\/2025\/04\/Tarifrechner-Privatkunde-Strom-2048x1152.jpg\" class=\"attachment-2048x2048 size-2048x2048 wp-image-1396\" alt=\"Tarifrechner Privatkunde Strom\" srcset=\"https:\/\/vasilidesign.com\/wp-content\/uploads\/2025\/04\/Tarifrechner-Privatkunde-Strom-2048x1152.jpg 2048w, https:\/\/vasilidesign.com\/wp-content\/uploads\/2025\/04\/Tarifrechner-Privatkunde-Strom-300x169.jpg 300w, https:\/\/vasilidesign.com\/wp-content\/uploads\/2025\/04\/Tarifrechner-Privatkunde-Strom-1024x576.jpg 1024w, https:\/\/vasilidesign.com\/wp-content\/uploads\/2025\/04\/Tarifrechner-Privatkunde-Strom-768x432.jpg 768w, https:\/\/vasilidesign.com\/wp-content\/uploads\/2025\/04\/Tarifrechner-Privatkunde-Strom-1536x864.jpg 1536w\" sizes=\"(max-width: 2048px) 100vw, 2048px\" \/>\t\t\t\t\t\t\t\t\t\t\t\t\t\t\t<\/div>\n\t\t\t\t<\/div>\n\t\t\t\t<\/div>\n\t\t\t\t<\/div>\n\t\t<div class=\"elementor-element elementor-element-f0ea92d e-con-full e-flex e-con e-parent\" data-id=\"f0ea92d\" data-element_type=\"container\" data-e-type=\"container\" data-settings=\"{&quot;background_background&quot;:&quot;classic&quot;}\">\n\t\t<div class=\"elementor-element elementor-element-c2a8e32 e-con-full e-flex e-con e-child\" data-id=\"c2a8e32\" data-element_type=\"container\" data-e-type=\"container\">\n\t\t\t\t<div class=\"elementor-element elementor-element-95f2934 elementor-widget__width-initial reveal-text elementor-widget elementor-widget-heading\" data-id=\"95f2934\" data-element_type=\"widget\" data-e-type=\"widget\" data-widget_type=\"heading.default\">\n\t\t\t\t<div class=\"elementor-widget-container\">\n\t\t\t\t\t<h6 class=\"elementor-heading-title elementor-size-default\">Du hast ein spannendes Projekt oder ben\u00f6tigst Beratung?<\/h6>\t\t\t\t<\/div>\n\t\t\t\t<\/div>\n\t\t\t\t<div class=\"elementor-element elementor-element-aca5c9f elementor-widget elementor-widget-spacer\" data-id=\"aca5c9f\" data-element_type=\"widget\" data-e-type=\"widget\" data-widget_type=\"spacer.default\">\n\t\t\t\t<div class=\"elementor-widget-container\">\n\t\t\t\t\t\t\t<div class=\"elementor-spacer\">\n\t\t\t<div class=\"elementor-spacer-inner\"><\/div>\n\t\t<\/div>\n\t\t\t\t\t\t<\/div>\n\t\t\t\t<\/div>\n\t\t<div class=\"elementor-element elementor-element-622fd8b e-con-full e-flex e-con e-child\" data-id=\"622fd8b\" data-element_type=\"container\" data-e-type=\"container\">\n\t\t\t\t<div class=\"elementor-element elementor-element-c4641ea elementor-align-center liquid elementor-widget elementor-widget-button\" data-id=\"c4641ea\" data-element_type=\"widget\" data-e-type=\"widget\" data-widget_type=\"button.default\">\n\t\t\t\t<div class=\"elementor-widget-container\">\n\t\t\t\t\t\t\t\t\t<div class=\"elementor-button-wrapper\">\n\t\t\t\t\t<a class=\"elementor-button elementor-button-link elementor-size-sm\" href=\"#elementor-action%3Aaction%3Dpopup%3Aopen%26settings%3DeyJpZCI6IjI0NTciLCJ0b2dnbGUiOmZhbHNlfQ%3D%3D\">\n\t\t\t\t\t\t<span class=\"elementor-button-content-wrapper\">\n\t\t\t\t\t\t\t\t\t<span class=\"elementor-button-text\">Projekt anfragen<\/span>\n\t\t\t\t\t<\/span>\n\t\t\t\t\t<\/a>\n\t\t\t\t<\/div>\n\t\t\t\t\t\t\t\t<\/div>\n\t\t\t\t<\/div>\n\t\t\t\t<\/div>\n\t\t\t\t<\/div>\n\t\t\t\t<\/div>\n\t\t<div class=\"elementor-element elementor-element-7fa94a8 e-flex e-con-boxed e-con e-parent\" data-id=\"7fa94a8\" data-element_type=\"container\" data-e-type=\"container\">\n\t\t\t\t\t<div class=\"e-con-inner\">\n\t\t\t\t<div class=\"elementor-element elementor-element-195a013 elementor-widget elementor-widget-html\" data-id=\"195a013\" data-element_type=\"widget\" data-e-type=\"widget\" data-widget_type=\"html.default\">\n\t\t\t\t<div class=\"elementor-widget-container\">\n\t\t\t\t\t<script src=\"https:\/\/code.jquery.com\/jquery-3.6.0.min.js\"><\/script>\n<script>\n\nvar $ = jQuery\n$(document).ready(function(){\n    \n$('.liquid .elementor-button-wrapper').each(function(){\n    \n    var btnText = $(this).find('.elementor-button-text').text().trim()\n    \n    $(this).children('span.before').remove()\n    $(this).prepend('<span class=\"before elementor-button\">' + btnText + '<\/span>')\n})\n\n$('.liquid').hover(function(){\n    $(this).addClass('anim')\n})\n})\n\n<\/script>\t\t\t\t<\/div>\n\t\t\t\t<\/div>\n\t\t\t\t\t<\/div>\n\t\t\t\t<\/div>\n\t\t\t\t<\/div>\n\t\t","protected":false},"excerpt":{"rendered":"<p>Beschreibung Das stromschalten.de\u2013Portal f\u00fcr Makler, das die Erfassung von Auftr\u00e4gen und Tarifberechnungen f\u00fcr Strom-, Gas- und Glasfaservertr\u00e4ge erm\u00f6glicht, wurde komplett redesigned. Fokus lag auf einer modernen, benutzerfreundlichen Oberfl\u00e4che, die eine einfache und schnelle Nutzung direkt vor Ort beim Kunden erm\u00f6glicht. UI\/UX Design Konzeption Kunde stromschalten.de https:\/\/vasilidesign.com\/wp-content\/uploads\/2025\/04\/screenvideo.mp4#t=1 Du hast ein spannendes Projekt oder ben\u00f6tigst Beratung? Projekt [&hellip;]<\/p>\n","protected":false},"author":1,"featured_media":0,"parent":0,"menu_order":0,"comment_status":"closed","ping_status":"closed","template":"elementor_header_footer","meta":{"footnotes":""},"class_list":["post-1393","page","type-page","status-publish","hentry"],"_links":{"self":[{"href":"https:\/\/vasilidesign.com\/en\/wp-json\/wp\/v2\/pages\/1393","targetHints":{"allow":["GET"]}}],"collection":[{"href":"https:\/\/vasilidesign.com\/en\/wp-json\/wp\/v2\/pages"}],"about":[{"href":"https:\/\/vasilidesign.com\/en\/wp-json\/wp\/v2\/types\/page"}],"author":[{"embeddable":true,"href":"https:\/\/vasilidesign.com\/en\/wp-json\/wp\/v2\/users\/1"}],"replies":[{"embeddable":true,"href":"https:\/\/vasilidesign.com\/en\/wp-json\/wp\/v2\/comments?post=1393"}],"version-history":[{"count":10,"href":"https:\/\/vasilidesign.com\/en\/wp-json\/wp\/v2\/pages\/1393\/revisions"}],"predecessor-version":[{"id":2825,"href":"https:\/\/vasilidesign.com\/en\/wp-json\/wp\/v2\/pages\/1393\/revisions\/2825"}],"wp:attachment":[{"href":"https:\/\/vasilidesign.com\/en\/wp-json\/wp\/v2\/media?parent=1393"}],"curies":[{"name":"wp","href":"https:\/\/api.w.org\/{rel}","templated":true}]}}